{"id":13692,"date":"2021-06-17T12:42:49","date_gmt":"2021-06-17T10:42:49","guid":{"rendered":"https:\/\/ideja21.agency\/kaj-pocnemo\/"},"modified":"2023-05-12T10:22:31","modified_gmt":"2023-05-12T08:22:31","slug":"kaj-pocnemo","status":"publish","type":"page","link":"https:\/\/ideja21.agency\/sl\/kaj-pocnemo\/","title":{"rendered":"Kaj po\u010dnemo"},"content":{"rendered":"\t\t<div data-elementor-type=\"wp-page\" data-elementor-id=\"13692\" class=\"elementor elementor-13692 elementor-5076\">\n\t\t\t\t\t\t\t\t\t<section class=\"elementor-section elementor-top-section elementor-element elementor-element-3535fd11 elementor-section-full_width elementor-section-height-default elementor-section-height-default qodef-backgound-letter-holder-no qodef-elementor-content-no\" data-id=\"3535fd11\" data-element_type=\"section\">\n\t\t\t\t\t\t<div class=\"elementor-container elementor-column-gap-default\">\n\t\t\t\t\t<div class=\"elementor-column elementor-col-100 elementor-top-column elementor-element elementor-element-f1ee0d2\" data-id=\"f1ee0d2\" data-element_type=\"column\">\n\t\t\t<div class=\"elementor-widget-wrap elementor-element-populated\">\n\t\t\t\t\t\t\t\t<div class=\"elementor-element elementor-element-185153de elementor-widget__width-initial elementor-widget elementor-widget-laurits_core_section_title\" data-id=\"185153de\" data-element_type=\"widget\" data-widget_type=\"laurits_core_section_title.default\">\n\t\t\t\t<div class=\"elementor-widget-container\">\n\t\t\t<div class=\"qodef-shortcode qodef-m  qodef-section-title qodef-alignment--left  qodef-appear-animation--no \">\n\t\t<span class=\"qodef-m-tagline\" >Kaj po\u010dnemo<\/span>\n\t\t<h2 class=\"qodef-m-title\" style=\"margin-top: 15px\">\n\t\t\t\t\tZa izkori\u0161\u010danje potenciala digitalnega prostora razvijamo unikatne spletne strani in pomagamo blagovnim znamkam pri njihovi strategiji in rasti.\t\t\t<\/h2>\n\t\t\t<div class=\"qodef-m-button\">\n\t\t\t<\/div>\n<\/div>\n\t\t<\/div>\n\t\t\t\t<\/div>\n\t\t\t\t\t<\/div>\n\t\t<\/div>\n\t\t\t\t\t\t\t<\/div>\n\t\t<\/section>\n\t\t\t\t<section class=\"elementor-section elementor-top-section elementor-element elementor-element-796a167a elementor-section-full_width elementor-section-height-default elementor-section-height-default qodef-backgound-letter-holder-no qodef-elementor-content-no\" data-id=\"796a167a\" data-element_type=\"section\">\n\t\t\t\t\t\t<div class=\"elementor-container elementor-column-gap-default\">\n\t\t\t\t\t<div class=\"elementor-column elementor-col-25 elementor-top-column elementor-element elementor-element-d995a89\" data-id=\"d995a89\" data-element_type=\"column\">\n\t\t\t<div class=\"elementor-widget-wrap elementor-element-populated\">\n\t\t\t\t\t\t\t\t<div class=\"elementor-element elementor-element-75b67b73 elementor-widget-tablet__width-initial elementor-widget-mobile__width-inherit elementor-widget elementor-widget-laurits_core_icon_with_text\" data-id=\"75b67b73\" data-element_type=\"widget\" data-widget_type=\"laurits_core_icon_with_text.default\">\n\t\t\t\t<div class=\"elementor-widget-container\">\n\t\t\t<div class=\"qodef-shortcode qodef-m  qodef-icon-with-text qodef-layout--top qodef--custom-icon   qodef-alignment--left\">\n\t<div class=\"qodef-m-icon-wrapper\" >\n\t\t\t\t\t\t<svg xmlns=\"http:\/\/www.w3.org\/2000\/svg\" xmlns:xlink=\"http:\/\/www.w3.org\/1999\/xlink\" x=\"0px\" y=\"0px\"\n\t width=\"79px\" height=\"79px\" viewBox=\"0 0 79 79\" enable-background=\"new 0 0 79 79\" xml:space=\"preserve\">\n<path fill=\"#040405\" d=\"M39.933,58.839c0.428-10.259,8.647-18.478,18.906-18.906L79,39.913v-0.826l-20.161-0.02\n\tC48.584,38.63,40.37,30.416,39.933,20.161L39.913,0h-0.826l-0.02,20.161c-0.427,10.26-8.647,18.48-18.906,18.907L0,39.088v0.823\n\tl20.161,0.02c10.255,0.437,18.469,8.651,18.906,18.907L39.087,79h0.823L39.933,58.839z\"\/>\n<\/svg>\t\t\t<\/div>\n\t<div class=\"qodef-m-content\">\n\t\t\t<h4 class=\"qodef-m-title\" >\n\t\t\t\t\t<span class=\"qodef-m-title-text\">Strategija in kreativnost<\/span>\n\t\t\t<\/h4>\n\t\t\t<p class=\"qodef-m-text\" >Miselni zagon <br \/>\nSmernice blagovne znamke <br \/>\nStrategija rasti <br \/>\nKreativne ideje <br \/>\nPoslovni modeli <br \/>\nStrategija dru\u017ebenih medijev<\/p>\n\t<\/div>\n<\/div>\n\t\t<\/div>\n\t\t\t\t<\/div>\n\t\t\t\t\t<\/div>\n\t\t<\/div>\n\t\t\t\t<div class=\"elementor-column elementor-col-25 elementor-top-column elementor-element elementor-element-20186cd0\" data-id=\"20186cd0\" data-element_type=\"column\">\n\t\t\t<div class=\"elementor-widget-wrap elementor-element-populated\">\n\t\t\t\t\t\t\t\t<div class=\"elementor-element elementor-element-4ee53d30 elementor-widget-tablet__width-initial elementor-widget-mobile__width-inherit elementor-widget elementor-widget-laurits_core_icon_with_text\" data-id=\"4ee53d30\" data-element_type=\"widget\" data-widget_type=\"laurits_core_icon_with_text.default\">\n\t\t\t\t<div class=\"elementor-widget-container\">\n\t\t\t<div class=\"qodef-shortcode qodef-m  qodef-icon-with-text qodef-layout--top qodef--custom-icon   qodef-alignment--left\">\n\t<div class=\"qodef-m-icon-wrapper\" style=\"margin-top: 17px\">\n\t\t\t\t\t\t<svg xmlns=\"http:\/\/www.w3.org\/2000\/svg\" xmlns:xlink=\"http:\/\/www.w3.org\/1999\/xlink\" x=\"0px\" y=\"0px\"\n\t width=\"62px\" height=\"62px\" viewBox=\"0 0 62 62\" enable-background=\"new 0 0 62 62\" xml:space=\"preserve\">\n<g transform=\"translate(0)\">\n\t<path fill=\"#040405\" d=\"M38.75,58.126h7.104c2.497,0,4.521-2.024,4.521-4.521v-2.582c0-2.497,2.024-4.521,4.521-4.521\n\t\tH62V0H43.27c-2.497,0-4.521,2.024-4.521,4.521v5.232c0,1.199,0.477,2.349,1.325,3.196l5.277,5.278\n\t\tc1.149,1.15,1.148,3.013-0.002,4.162c-0.553,0.552-1.302,0.862-2.083,0.861l0,0c-2.497,0-4.521,2.024-4.521,4.521v2.582\n\t\tc0,2.497-2.024,4.521-4.521,4.521h-2.582c-2.497,0-4.521,2.024-4.521,4.521v14.209c0,2.497,2.024,4.521,4.521,4.521L38.75,58.126z\"\n\t\t\/>\n\t<path fill=\"#040405\" d=\"M23.25,3.875h-7.104c-2.497,0-4.521,2.024-4.521,4.521v2.582c0,2.497-2.024,4.521-4.521,4.521\n\t\tH0V62h18.729c2.497,0,4.521-2.024,4.521-4.521v-5.232c0-1.199-0.477-2.349-1.325-3.196l-5.277-5.278\n\t\tc-1.149-1.15-1.148-3.013,0.002-4.162c0.553-0.552,1.302-0.862,2.083-0.861l0,0c2.497,0,4.521-2.024,4.521-4.521v-2.582\n\t\tc0-2.497,2.024-4.521,4.521-4.521h2.582c2.497,0,4.521-2.024,4.521-4.521V8.396c0-2.497-2.024-4.521-4.521-4.521H23.25z\"\/>\n<\/g>\n<\/svg>\t\t\t<\/div>\n\t<div class=\"qodef-m-content\">\n\t\t\t<h4 class=\"qodef-m-title\" >\n\t\t\t\t\t<span class=\"qodef-m-title-text\">Dizajn in uporabni\u0161ka izku\u0161nja<\/span>\n\t\t\t<\/h4>\n\t\t\t<p class=\"qodef-m-text\" >Oblikovanje <br \/>\nOblikovanje uporabni\u0161kega vmesnika UI  <br \/>\nUporabni\u0161ka izku\u0161nja UX <br \/>\nUstvarjanje blagovne znamke <br \/>\nPrisotno na dru\u017ebenih medijih <br \/>\nOsnutek vmesnika (wireframe)<\/p>\n\t<\/div>\n<\/div>\n\t\t<\/div>\n\t\t\t\t<\/div>\n\t\t\t\t\t<\/div>\n\t\t<\/div>\n\t\t\t\t<div class=\"elementor-column elementor-col-25 elementor-top-column elementor-element elementor-element-3aa68269\" data-id=\"3aa68269\" data-element_type=\"column\">\n\t\t\t<div class=\"elementor-widget-wrap elementor-element-populated\">\n\t\t\t\t\t\t\t\t<div class=\"elementor-element elementor-element-19440ece elementor-widget__width-initial elementor-widget-mobile__width-inherit elementor-widget elementor-widget-laurits_core_icon_with_text\" data-id=\"19440ece\" data-element_type=\"widget\" data-widget_type=\"laurits_core_icon_with_text.default\">\n\t\t\t\t<div class=\"elementor-widget-container\">\n\t\t\t<div class=\"qodef-shortcode qodef-m  qodef-icon-with-text qodef-layout--top qodef--custom-icon   qodef-alignment--left\">\n\t<div class=\"qodef-m-icon-wrapper\" style=\"margin-top: 13px\">\n\t\t\t\t\t\t<svg xmlns=\"http:\/\/www.w3.org\/2000\/svg\" xmlns:xlink=\"http:\/\/www.w3.org\/1999\/xlink\" x=\"0px\" y=\"0px\"\n\t width=\"65.001px\" height=\"66.001px\" viewBox=\"0 0 65.001 66.001\" enable-background=\"new 0 0 65.001 66.001\" xml:space=\"preserve\">\n<g transform=\"translate(0.5 0.5)\">\n\t<g transform=\"translate(0 0)\">\n\t\t\n\t\t\t<rect  x=\"9.167\" y=\"0\" fill=\"none\" stroke=\"#000000\" stroke-width=\"1.0009\" stroke-miterlimit=\"10\" width=\"54.834\" height=\"55.103\"\/>\n\t\t\n\t\t\t<rect x=\"6.112\" y=\"3.3\" fill=\"none\" stroke=\"#000000\" stroke-width=\"1.0009\" stroke-miterlimit=\"10\" width=\"54.834\" height=\"55.103\"\/>\n\t\t\n\t\t\t<rect x=\"3.056\" y=\"6.598\" fill=\"none\" stroke=\"#000000\" stroke-width=\"1.0009\" stroke-miterlimit=\"10\" width=\"54.834\" height=\"55.103\"\/>\n\t\t\n\t\t\t<rect x=\"0\" y=\"9.898\" fill=\"none\" stroke=\"#000000\" stroke-width=\"1.0009\" stroke-miterlimit=\"10\" width=\"54.834\" height=\"55.103\"\/>\n\t<\/g>\n\t<rect x=\"34.915\" y=\"33.558\" width=\"8.667\" height=\"14.426\"\/>\n<\/g>\n<\/svg>\t\t\t<\/div>\n\t<div class=\"qodef-m-content\">\n\t\t\t<h4 class=\"qodef-m-title\" >\n\t\t\t\t\t<span class=\"qodef-m-title-text\">Razvoj &amp; vsebina<\/span>\n\t\t\t<\/h4>\n\t\t\t<p class=\"qodef-m-text\" >Razvoj spletnih strani<br \/>\nRazvoj e-trgovin<br \/>\nOdzivno spletno oblikovanje<br \/>\nCRM za podjetja <br \/>\nFoto\/video produkcija <br \/>\nKreativna vsebina <br \/>\nPisanje besedil in vsebine<\/p>\n\t<\/div>\n<\/div>\n\t\t<\/div>\n\t\t\t\t<\/div>\n\t\t\t\t\t<\/div>\n\t\t<\/div>\n\t\t\t\t<div class=\"elementor-column elementor-col-25 elementor-top-column elementor-element elementor-element-6449f343\" data-id=\"6449f343\" data-element_type=\"column\">\n\t\t\t<div class=\"elementor-widget-wrap elementor-element-populated\">\n\t\t\t\t\t\t\t\t<div class=\"elementor-element elementor-element-7892fa38 elementor-widget__width-initial elementor-widget-tablet__width-initial elementor-widget-mobile__width-inherit elementor-widget elementor-widget-laurits_core_icon_with_text\" data-id=\"7892fa38\" data-element_type=\"widget\" data-widget_type=\"laurits_core_icon_with_text.default\">\n\t\t\t\t<div class=\"elementor-widget-container\">\n\t\t\t<div class=\"qodef-shortcode qodef-m  qodef-icon-with-text qodef-layout--top qodef--custom-icon   qodef-alignment--left\">\n\t<div class=\"qodef-m-icon-wrapper\" style=\"margin-top: 16px\">\n\t\t\t\t\t\t<svg xmlns=\"http:\/\/www.w3.org\/2000\/svg\" xmlns:xlink=\"http:\/\/www.w3.org\/1999\/xlink\" x=\"0px\" y=\"0px\"\n\t width=\"61px\" height=\"62px\" viewBox=\"0 0 61 62\" enable-background=\"new 0 0 61 62\" xml:space=\"preserve\">\n<path fill=\"#040405\" d=\"M13.979,32.29L0,46.498v15.499h15.249V1.867L57.893,45.21H45.751v1.291L61,62V45.209h-1.311\n\tL15.252,0.043V0h-1.27L13.979,32.29z\"\/>\n<\/svg>\t\t\t<\/div>\n\t<div class=\"qodef-m-content\">\n\t\t\t<h4 class=\"qodef-m-title\" >\n\t\t\t\t\t<span class=\"qodef-m-title-text\">Rast<\/span>\n\t\t\t<\/h4>\n\t\t\t<p class=\"qodef-m-text\" >Pla\u010dljivi oglasi <br \/>\nVodenje socialnih omre\u017eij<br \/>\nGrowth hacking <br \/>\nNa\u010drtovanje digitalnih medijskih strategij in kampanj <br \/>\nSEO \/ SEM <br \/>\nMarketing z vplivne\u017ei <br \/>\nTradicionalni marketing <br \/>\nAnalitika\n<\/p>\n\t<\/div>\n<\/div>\n\t\t<\/div>\n\t\t\t\t<\/div>\n\t\t\t\t\t<\/div>\n\t\t<\/div>\n\t\t\t\t\t\t\t<\/div>\n\t\t<\/section>\n\t\t\t\t<section class=\"elementor-section elementor-top-section elementor-element elementor-element-fb1e91d elementor-section-full_width elementor-section-height-min-height elementor-section-height-default elementor-section-items-middle qodef-backgound-letter-holder-no qodef-elementor-content-no\" data-id=\"fb1e91d\" data-element_type=\"section\" data-settings=\"{&quot;background_background&quot;:&quot;classic&quot;}\">\n\t\t\t\t\t\t<div class=\"elementor-container elementor-column-gap-default\">\n\t\t\t\t\t<div class=\"elementor-column elementor-col-100 elementor-top-column elementor-element elementor-element-4f36847\" data-id=\"4f36847\" data-element_type=\"column\">\n\t\t\t<div class=\"elementor-widget-wrap\">\n\t\t\t\t\t\t\t\t\t<\/div>\n\t\t<\/div>\n\t\t\t\t\t\t\t<\/div>\n\t\t<\/section>\n\t\t\t\t<section class=\"elementor-section elementor-top-section elementor-element elementor-element-44ad2e9 elementor-section-full_width elementor-section-height-default elementor-section-height-default qodef-backgound-letter-holder-no qodef-elementor-content-no\" data-id=\"44ad2e9\" data-element_type=\"section\">\n\t\t\t\t\t\t<div class=\"elementor-container elementor-column-gap-default\">\n\t\t\t\t\t<div class=\"elementor-column elementor-col-50 elementor-top-column elementor-element elementor-element-6c29e8a\" data-id=\"6c29e8a\" data-element_type=\"column\">\n\t\t\t<div class=\"elementor-widget-wrap elementor-element-populated\">\n\t\t\t\t\t\t\t\t<div class=\"elementor-element elementor-element-9fa2aa0 elementor-widget__width-auto elementor-widget elementor-widget-text-editor\" data-id=\"9fa2aa0\" data-element_type=\"widget\" data-widget_type=\"text-editor.default\">\n\t\t\t\t<div class=\"elementor-widget-container\">\n\t\t\t<style>\/*! elementor - v3.12.2 - 23-04-2023 *\/\n.elementor-widget-text-editor.elementor-drop-cap-view-stacked .elementor-drop-cap{background-color:#69727d;color:#fff}.elementor-widget-text-editor.elementor-drop-cap-view-framed .elementor-drop-cap{color:#69727d;border:3px solid;background-color:transparent}.elementor-widget-text-editor:not(.elementor-drop-cap-view-default) .elementor-drop-cap{margin-top:8px}.elementor-widget-text-editor:not(.elementor-drop-cap-view-default) .elementor-drop-cap-letter{width:1em;height:1em}.elementor-widget-text-editor .elementor-drop-cap{float:left;text-align:center;line-height:1;font-size:50px}.elementor-widget-text-editor .elementor-drop-cap-letter{display:inline-block}<\/style>\t\t\t\t<h5>ZA\u010cNITE <a class=\"qodef-underline\" href=\"https:\/\/ideja21.agency\/contact-us\/\">PROJEKT Z NAMI<\/a><\/h5>\n\t\t\t\t\t\t<\/div>\n\t\t\t\t<\/div>\n\t\t\t\t\t<\/div>\n\t\t<\/div>\n\t\t\t\t<div class=\"elementor-column elementor-col-50 elementor-top-column elementor-element elementor-element-4577c09\" data-id=\"4577c09\" data-element_type=\"column\">\n\t\t\t<div class=\"elementor-widget-wrap elementor-element-populated\">\n\t\t\t\t\t\t\t\t<div class=\"elementor-element elementor-element-097def6 elementor-widget__width-auto elementor-widget elementor-widget-text-editor\" data-id=\"097def6\" data-element_type=\"widget\" data-widget_type=\"text-editor.default\">\n\t\t\t\t<div class=\"elementor-widget-container\">\n\t\t\t\t\t\t\t<h5>NARO\u010cITE <a class=\"qodef-underline\" href=\"#\">30 MINUTNI POSVET<\/a> (KMALU)<\/h5>\n\t\t\t\t\t\t<\/div>\n\t\t\t\t<\/div>\n\t\t\t\t\t<\/div>\n\t\t<\/div>\n\t\t\t\t\t\t\t<\/div>\n\t\t<\/section>\n\t\t\t\t\t\t\t<\/div>\n\t\t","protected":false},"excerpt":{"rendered":"<p>Kaj po\u010dnemo Za izkori\u0161\u010danje potenciala digitalnega prostora razvijamo unikatne spletne strani in pomagamo blagovnim znamkam pri njihovi strategiji in rasti. Strategija in kreativnost Miselni zagon Smernice blagovne znamke Strategija rasti Kreativne ideje Poslovni modeli Strategija dru\u017ebenih medijev Dizajn in uporabni\u0161ka izku\u0161nja Oblikovanje Oblikovanje uporabni\u0161kega vmesnika UI Uporabni\u0161ka izku\u0161nja UX Ustvarjanje blagovne znamke Prisotno na dru\u017ebenih [&hellip;]<\/p>\n","protected":false},"author":1,"featured_media":0,"parent":0,"menu_order":0,"comment_status":"closed","ping_status":"closed","template":"","meta":{"footnotes":""},"class_list":["post-13692","page","type-page","status-publish","hentry"],"yoast_head":"<!-- This site is optimized with the Yoast SEO plugin v20.7 - https:\/\/yoast.com\/wordpress\/plugins\/seo\/ -->\n<title>IDEJA21 | Kaj po\u010dnemo<\/title>\n<meta name=\"description\" content=\"Za izkori\u0161\u010danje potenciala digitalnega prostora razvijamo unikatne spletne strani in pomagamo blagovnim znamkam pri njihovi strategiji in rasti.\" \/>\n<meta name=\"robots\" content=\"index, follow, max-snippet:-1, max-image-preview:large, max-video-preview:-1\" \/>\n<link rel=\"canonical\" href=\"https:\/\/ideja21.agency\/sl\/kaj-pocnemo\/\" \/>\n<meta property=\"og:locale\" content=\"sl_SI\" \/>\n<meta property=\"og:type\" content=\"article\" \/>\n<meta property=\"og:title\" content=\"IDEJA21 | Kaj po\u010dnemo\" \/>\n<meta property=\"og:description\" content=\"Za izkori\u0161\u010danje potenciala digitalnega prostora razvijamo unikatne spletne strani in pomagamo blagovnim znamkam pri njihovi strategiji in rasti.\" \/>\n<meta property=\"og:url\" content=\"https:\/\/ideja21.agency\/sl\/kaj-pocnemo\/\" \/>\n<meta property=\"og:site_name\" content=\"IDEJA21\" \/>\n<meta property=\"article:publisher\" content=\"https:\/\/www.facebook.com\/ideja21\" \/>\n<meta property=\"article:modified_time\" content=\"2023-05-12T08:22:31+00:00\" \/>\n<meta property=\"og:image\" content=\"https:\/\/ideja21.agency\/wp-content\/uploads\/2023\/01\/ideja.jpg\" \/>\n\t<meta property=\"og:image:width\" content=\"1525\" \/>\n\t<meta property=\"og:image:height\" content=\"918\" \/>\n\t<meta property=\"og:image:type\" content=\"image\/jpeg\" \/>\n<meta name=\"twitter:card\" content=\"summary_large_image\" \/>\n<meta name=\"twitter:label1\" content=\"Est. reading time\" \/>\n\t<meta name=\"twitter:data1\" content=\"1 minuta\" \/>\n<script type=\"application\/ld+json\" class=\"yoast-schema-graph\">{\"@context\":\"https:\/\/schema.org\",\"@graph\":[{\"@type\":\"WebPage\",\"@id\":\"https:\/\/ideja21.agency\/sl\/kaj-pocnemo\/\",\"url\":\"https:\/\/ideja21.agency\/sl\/kaj-pocnemo\/\",\"name\":\"IDEJA21 | Kaj po\u010dnemo\",\"isPartOf\":{\"@id\":\"https:\/\/ideja21.agency\/sl\/#website\"},\"datePublished\":\"2021-06-17T10:42:49+00:00\",\"dateModified\":\"2023-05-12T08:22:31+00:00\",\"description\":\"Za izkori\u0161\u010danje potenciala digitalnega prostora razvijamo unikatne spletne strani in pomagamo blagovnim znamkam pri njihovi strategiji in rasti.\",\"breadcrumb\":{\"@id\":\"https:\/\/ideja21.agency\/sl\/kaj-pocnemo\/#breadcrumb\"},\"inLanguage\":\"sl-SI\",\"potentialAction\":[{\"@type\":\"ReadAction\",\"target\":[\"https:\/\/ideja21.agency\/sl\/kaj-pocnemo\/\"]}]},{\"@type\":\"BreadcrumbList\",\"@id\":\"https:\/\/ideja21.agency\/sl\/kaj-pocnemo\/#breadcrumb\",\"itemListElement\":[{\"@type\":\"ListItem\",\"position\":1,\"name\":\"Home\",\"item\":\"https:\/\/ideja21.agency\/sl\/\"},{\"@type\":\"ListItem\",\"position\":2,\"name\":\"Kaj po\u010dnemo\"}]},{\"@type\":\"WebSite\",\"@id\":\"https:\/\/ideja21.agency\/sl\/#website\",\"url\":\"https:\/\/ideja21.agency\/sl\/\",\"name\":\"IDEJA21\",\"description\":\"Boutique creative house from Maribor, Slovenia\",\"publisher\":{\"@id\":\"https:\/\/ideja21.agency\/sl\/#organization\"},\"alternateName\":\"IDEJA21\",\"potentialAction\":[{\"@type\":\"SearchAction\",\"target\":{\"@type\":\"EntryPoint\",\"urlTemplate\":\"https:\/\/ideja21.agency\/sl\/?s={search_term_string}\"},\"query-input\":\"required name=search_term_string\"}],\"inLanguage\":\"sl-SI\"},{\"@type\":\"Organization\",\"@id\":\"https:\/\/ideja21.agency\/sl\/#organization\",\"name\":\"IDEJA21\",\"url\":\"https:\/\/ideja21.agency\/sl\/\",\"logo\":{\"@type\":\"ImageObject\",\"inLanguage\":\"sl-SI\",\"@id\":\"https:\/\/ideja21.agency\/sl\/#\/schema\/logo\/image\/\",\"url\":\"https:\/\/ideja21.agency\/wp-content\/uploads\/2023\/01\/Asset-3@300x-8.png\",\"contentUrl\":\"https:\/\/ideja21.agency\/wp-content\/uploads\/2023\/01\/Asset-3@300x-8.png\",\"width\":1028,\"height\":372,\"caption\":\"IDEJA21\"},\"image\":{\"@id\":\"https:\/\/ideja21.agency\/sl\/#\/schema\/logo\/image\/\"},\"sameAs\":[\"https:\/\/www.facebook.com\/ideja21\",\"https:\/\/www.instagram.com\/ideja21\"]}]}<\/script>\n<!-- \/ Yoast SEO plugin. -->","yoast_head_json":{"title":"IDEJA21 | Kaj po\u010dnemo","description":"Za izkori\u0161\u010danje potenciala digitalnega prostora razvijamo unikatne spletne strani in pomagamo blagovnim znamkam pri njihovi strategiji in rasti.","robots":{"index":"index","follow":"follow","max-snippet":"max-snippet:-1","max-image-preview":"max-image-preview:large","max-video-preview":"max-video-preview:-1"},"canonical":"https:\/\/ideja21.agency\/sl\/kaj-pocnemo\/","og_locale":"sl_SI","og_type":"article","og_title":"IDEJA21 | Kaj po\u010dnemo","og_description":"Za izkori\u0161\u010danje potenciala digitalnega prostora razvijamo unikatne spletne strani in pomagamo blagovnim znamkam pri njihovi strategiji in rasti.","og_url":"https:\/\/ideja21.agency\/sl\/kaj-pocnemo\/","og_site_name":"IDEJA21","article_publisher":"https:\/\/www.facebook.com\/ideja21","article_modified_time":"2023-05-12T08:22:31+00:00","og_image":[{"width":1525,"height":918,"url":"https:\/\/ideja21.agency\/wp-content\/uploads\/2023\/01\/ideja.jpg","type":"image\/jpeg"}],"twitter_card":"summary_large_image","twitter_misc":{"Est. reading time":"1 minuta"},"schema":{"@context":"https:\/\/schema.org","@graph":[{"@type":"WebPage","@id":"https:\/\/ideja21.agency\/sl\/kaj-pocnemo\/","url":"https:\/\/ideja21.agency\/sl\/kaj-pocnemo\/","name":"IDEJA21 | Kaj po\u010dnemo","isPartOf":{"@id":"https:\/\/ideja21.agency\/sl\/#website"},"datePublished":"2021-06-17T10:42:49+00:00","dateModified":"2023-05-12T08:22:31+00:00","description":"Za izkori\u0161\u010danje potenciala digitalnega prostora razvijamo unikatne spletne strani in pomagamo blagovnim znamkam pri njihovi strategiji in rasti.","breadcrumb":{"@id":"https:\/\/ideja21.agency\/sl\/kaj-pocnemo\/#breadcrumb"},"inLanguage":"sl-SI","potentialAction":[{"@type":"ReadAction","target":["https:\/\/ideja21.agency\/sl\/kaj-pocnemo\/"]}]},{"@type":"BreadcrumbList","@id":"https:\/\/ideja21.agency\/sl\/kaj-pocnemo\/#breadcrumb","itemListElement":[{"@type":"ListItem","position":1,"name":"Home","item":"https:\/\/ideja21.agency\/sl\/"},{"@type":"ListItem","position":2,"name":"Kaj po\u010dnemo"}]},{"@type":"WebSite","@id":"https:\/\/ideja21.agency\/sl\/#website","url":"https:\/\/ideja21.agency\/sl\/","name":"IDEJA21","description":"Boutique creative house from Maribor, Slovenia","publisher":{"@id":"https:\/\/ideja21.agency\/sl\/#organization"},"alternateName":"IDEJA21","potentialAction":[{"@type":"SearchAction","target":{"@type":"EntryPoint","urlTemplate":"https:\/\/ideja21.agency\/sl\/?s={search_term_string}"},"query-input":"required name=search_term_string"}],"inLanguage":"sl-SI"},{"@type":"Organization","@id":"https:\/\/ideja21.agency\/sl\/#organization","name":"IDEJA21","url":"https:\/\/ideja21.agency\/sl\/","logo":{"@type":"ImageObject","inLanguage":"sl-SI","@id":"https:\/\/ideja21.agency\/sl\/#\/schema\/logo\/image\/","url":"https:\/\/ideja21.agency\/wp-content\/uploads\/2023\/01\/Asset-3@300x-8.png","contentUrl":"https:\/\/ideja21.agency\/wp-content\/uploads\/2023\/01\/Asset-3@300x-8.png","width":1028,"height":372,"caption":"IDEJA21"},"image":{"@id":"https:\/\/ideja21.agency\/sl\/#\/schema\/logo\/image\/"},"sameAs":["https:\/\/www.facebook.com\/ideja21","https:\/\/www.instagram.com\/ideja21"]}]}},"_links":{"self":[{"href":"https:\/\/ideja21.agency\/sl\/wp-json\/wp\/v2\/pages\/13692","targetHints":{"allow":["GET"]}}],"collection":[{"href":"https:\/\/ideja21.agency\/sl\/wp-json\/wp\/v2\/pages"}],"about":[{"href":"https:\/\/ideja21.agency\/sl\/wp-json\/wp\/v2\/types\/page"}],"author":[{"embeddable":true,"href":"https:\/\/ideja21.agency\/sl\/wp-json\/wp\/v2\/users\/1"}],"replies":[{"embeddable":true,"href":"https:\/\/ideja21.agency\/sl\/wp-json\/wp\/v2\/comments?post=13692"}],"version-history":[{"count":8,"href":"https:\/\/ideja21.agency\/sl\/wp-json\/wp\/v2\/pages\/13692\/revisions"}],"predecessor-version":[{"id":13701,"href":"https:\/\/ideja21.agency\/sl\/wp-json\/wp\/v2\/pages\/13692\/revisions\/13701"}],"wp:attachment":[{"href":"https:\/\/ideja21.agency\/sl\/wp-json\/wp\/v2\/media?parent=13692"}],"curies":[{"name":"wp","href":"https:\/\/api.w.org\/{rel}","templated":true}]}}